{"id":21368,"date":"2016-09-16T08:15:33","date_gmt":"2016-09-16T06:15:33","guid":{"rendered":"http:\/\/worklights.de\/?page_id=21368"},"modified":"2020-03-10T14:37:24","modified_gmt":"2020-03-10T13:37:24","slug":"impressum","status":"publish","type":"page","link":"https:\/\/worklights.de\/en\/impressum\/","title":{"rendered":"Impressum"},"content":{"rendered":"<p>[vc_row row_type=&#8221;row&#8221; use_row_as_full_screen_section=&#8221;no&#8221; type=&#8221;full_width&#8221; in_content_menu=&#8221;&#8221; icon_pack=&#8221;font_awesome&#8221; content_menu_fe_icon=&#8221;arrow_back&#8221; text_align=&#8221;left&#8221; pattern_background=&#8221;&#8221; padding_bottom=&#8221;150&#8243;][vc_column width=&#8221;1\/6&#8243;][vc_column_text]<br \/>\n[\/vc_column_text][\/vc_column][vc_column width=&#8221;4\/6&#8243;][vc_column_text]<\/p>\n<h1>Impressum<\/h1>\n<p><b>Worklights Media Production GmbH<\/b><\/p>\n<p>An der Ziegelei 3 \/ D-39249 Werkleitz<\/p>\n<table border=\"0\" cellspacing=\"0\" cellpadding=\"0\">\n<tbody>\n<tr>\n<td valign=\"top\">fon<\/td>\n<td valign=\"top\">+49 39298 26244<\/td>\n<\/tr>\n<\/tbody>\n<\/table>\n<p>info(at)worklights.de<\/p>\n<p>Sitz der Gesellschaft: D-39249 Werkleitz<\/p>\n<p><b>Gesch\u00e4ftsf\u00fchrender Gesellschafter:<\/b><br \/>\nPeter Zorn<\/p>\n<p>Amtsgericht Stendal \u00a0\u00a0\u00a0 HRB 113354<br \/>\nUst.Id.Nr.: DE 221421165<br \/>\nSteuer-Nr.: 107\/108\/04074<\/p>\n<p><b>Webmaster<\/b>:<br \/>\n<a href=\"https:\/\/ostend.digital\/\">Ostend Digital<\/a><\/p>\n<p><strong>Haftungshinweis<\/strong><br \/>\nDie Informationen, die auf diesen Seiten abgerufen werden k\u00f6nnen, erheben weder einen Anspruch auf Richtigkeit noch auf Vollst\u00e4ndigkeit. Die Benutzung erfolgt auf eigene Gefahr.<\/p>\n<p>Wir weisen ausdr\u00fccklich darauf hin, dass wir f\u00fcr die Angebote Dritter im World Wide Web (sogenannte \u201edeep links\u201c) nicht verantwortlich sind. Soweit Links auf die Angebote Dritter verweisen, enthalten diese nach unserer Kenntnis keine strafbaren oder anderweitig verbotenen Inhalte. F\u00fcr diese Inhalte wird keinerlei Haftung \u00fcbernommen.<\/p>\n<p><strong>Daten<\/strong><\/p>\n<p>Sofern innerhalb des Internetangebotes die M\u00f6glichkeit zur Eingabe pers\u00f6nlicher oder gesch\u00e4ftlicher Daten (Emailadressen, Namen, Anschriften) besteht, so erfolgt die Preisgabe dieser Daten seitens des Nutzers auf ausdr\u00fccklich freiwilliger Basis. Die Nutzung der im Rahmen des Impressums oder vergleichbarer Angaben ver\u00f6ffentlichten Kontaktdaten wie Postanschriften, Telefon- und Faxnummern sowie Emailadressen durch Dritte zur \u00dcbersendung von nicht ausdr\u00fccklich angeforderten Informationen ist nicht gestattet. Rechtliche Schritte gegen die Versender von so genannten Spam-Mails bei Verst\u00f6\u00dfen gegen dieses Verbot sind ausdr\u00fccklich vorbehalten.<\/p>\n<p><strong>Urheberrechtlicher Hinweis<\/strong><\/p>\n<p>Inhalt und Struktur der Internet-Seiten von andrenause.com sind urheberrechtlich gesch\u00fctzt. Jegliche Vervielf\u00e4ltigung von Informationen oder Daten, insbesondere die Verwendung von Texten, Textteilen, Bildmaterial oder sonstigen Inhalten bedarf der vorherigen Zustimmung durch den Anbieter bzw. Rechteinhaber.<\/p>\n","protected":false},"excerpt":{"rendered":"<p>[vc_row row_type=&#8221;row&#8221; use_row_as_full_screen_section=&#8221;no&#8221; type=&#8221;full_width&#8221; in_content_menu=&#8221;&#8221; icon_pack=&#8221;font_awesome&#8221; content_menu_fe_icon=&#8221;arrow_back&#8221; text_align=&#8221;left&#8221; pattern_background=&#8221;&#8221; padding_bottom=&#8221;150&#8243;][vc_column width=&#8221;1\/6&#8243;][vc_column_text] [\/vc_column_text][\/vc_column][vc_column width=&#8221;4\/6&#8243;][vc_column_text] Impressum Worklights Media Production GmbH An der Ziegelei 3 \/ D-39249 Werkleitz fon +49 39298 26244 info(at)worklights.de Sitz der Gesellschaft: D-39249 Werkleitz Gesch\u00e4ftsf\u00fchrender Gesellschafter: Peter Zorn Amtsgericht Stendal \u00a0\u00a0\u00a0 HRB 113354 Ust.Id.Nr.:&#8230;<\/p>\n","protected":false},"author":1,"featured_media":0,"parent":0,"menu_order":0,"comment_status":"closed","ping_status":"closed","template":"","meta":[],"_links":{"self":[{"href":"https:\/\/worklights.de\/en\/wp-json\/wp\/v2\/pages\/21368"}],"collection":[{"href":"https:\/\/worklights.de\/en\/wp-json\/wp\/v2\/pages"}],"about":[{"href":"https:\/\/worklights.de\/en\/wp-json\/wp\/v2\/types\/page"}],"author":[{"embeddable":true,"href":"https:\/\/worklights.de\/en\/wp-json\/wp\/v2\/users\/1"}],"replies":[{"embeddable":true,"href":"https:\/\/worklights.de\/en\/wp-json\/wp\/v2\/comments?post=21368"}],"version-history":[{"count":8,"href":"https:\/\/worklights.de\/en\/wp-json\/wp\/v2\/pages\/21368\/revisions"}],"predecessor-version":[{"id":21609,"href":"https:\/\/worklights.de\/en\/wp-json\/wp\/v2\/pages\/21368\/revisions\/21609"}],"wp:attachment":[{"href":"https:\/\/worklights.de\/en\/wp-json\/wp\/v2\/media?parent=21368"}],"curies":[{"name":"wp","href":"https:\/\/api.w.org\/{rel}","templated":true}]}}